{"id":3,"date":"2024-12-26T17:05:51","date_gmt":"2024-12-26T16:05:51","guid":{"rendered":"https:\/\/kosh-group.com\/?page_id=3"},"modified":"2025-11-04T09:51:22","modified_gmt":"2025-11-04T08:51:22","slug":"datenschutz","status":"publish","type":"page","link":"https:\/\/kosh-group.com\/geldanlage\/datenschutz\/","title":{"rendered":"Datenschutz"},"content":{"rendered":"\n<div class=\"wp-block-cover is-light\"><span aria-hidden=\"true\" class=\"wp-block-cover__background has-background-dim-0 has-background-dim\"><\/span><div class=\"wp-block-cover__inner-container is-layout-constrained wp-container-core-cover-is-layout-ec89c2e2 wp-block-cover-is-layout-constrained\">\n<p class=\"has-text-align-center has-large-font-size\"><\/p>\n<\/div><\/div>\n\n\n\n<div class=\"wp-block-getwid-section\"><div class=\"wp-block-getwid-section__wrapper\"><div class=\"wp-block-getwid-section__inner-wrapper\"><div class=\"wp-block-getwid-section__background-holder\"><div class=\"wp-block-getwid-section__background\"><\/div><div class=\"wp-block-getwid-section__foreground\"><\/div><\/div><div class=\"wp-block-getwid-section__content\"><div class=\"wp-block-getwid-section__inner-content\">\n<h1 class=\"wp-block-heading\">Datenschutzerkl\u00e4rung<\/h1>\n\n\n\n<h2 class=\"wp-block-heading\">Geltungsbereich<\/h2>\n\n\n\n<p>Diese Datenschutzerkl\u00e4rung soll die Nutzer dieser Website gem\u00e4\u00df Bundesdatenschutzgesetz, Telemediengesetz und DSGVO \u00fcber die Art, den Umfang und den Zweck der Erhebung und Verwendung personenbezogener Daten durch&nbsp;den <a href=\"\/impressum\/\">Websitebetreiber<\/a> informieren.<\/p>\n\n\n\n<p>Der Websitebetreiber nimmt Ihren Datenschutz ernst und behandelt Ihre personenbezogenen Daten vertraulich und entsprechend der gesetzlichen Vorschriften.<\/p>\n\n\n\n<p>Bedenken Sie, dass die Daten\u00fcbertragung im Internet grunds\u00e4tzlich mit Sicherheitsl\u00fccken bedacht sein kann. Ein vollumf\u00e4nglicher Schutz vor dem Zugriff durch Fremde ist nicht realisierbar.<\/p>\n\n\n\n<p>Deshalb ist Datensparsamkeit der beste Datenschutz und der Websitebetrieber verzichtet, wo immer technisch m\u00f6glich, komplett auf die Erfassung personenbezogener Daten.<br><\/p>\n\n\n\n<h2 class=\"wp-block-heading\">Serverstandort<\/h2>\n\n\n\n<p>Der Server, auf dem diese Website gehosted wird, befindet sich in einem Rechenzentrum in Deutschland und wird von einem deutschen Unternehmen betrieben, mit dem ein Auftragsverarbeitungsvertrag nach Art. 28 Abs. 3 DSGVO abgeschlossen wurde.<\/p>\n\n\n\n<h2 class=\"wp-block-heading\">Zugriffsdaten<\/h2>\n\n\n\n<p>Der Websitebetreiber bzw. Hostingprovider erhebt Daten \u00fcber Zugriffe auf die Seite und speichert diese als &#8222;Server-Logfiles&#8220; ab. Folgende Daten werden so protokolliert:<\/p>\n\n\n\n<ul class=\"wp-block-list\">\n<li>Besuchte Webseite<\/li>\n\n\n\n<li>Uhrzeit zum Zeitpunkt des Zugriffes<\/li>\n\n\n\n<li>Menge der gesendeten Daten in Byte<\/li>\n\n\n\n<li>Quelle\/Verweis, von welchem Sie auf die Seite gelangten<\/li>\n\n\n\n<li>Verwendeter Browser<\/li>\n\n\n\n<li>Verwendetes Betriebssystem<\/li>\n\n\n\n<li>Die verwendete IP-Adresse wird vor einer Speicherung anonymisiert und f\u00fcr alle Zugriffe durch 0.0.0.0 ersetzt.<\/li>\n<\/ul>\n\n\n\n<p>Die erhobenen Daten dienen lediglich statistischen Auswertungen und zur Verbesserung der Website.<br><\/p>\n\n\n\n<h2 class=\"wp-block-heading\">TLS-Verschl\u00fcsselung (https-Protokoll)<\/h2>\n\n\n\n<p>Um Ihre \u00fcbermittelten Daten bestm\u00f6glich zu sch\u00fctzen, nutzt der Websitebetreiber eine TLS-Verschl\u00fcsselung. Sie erkennen derart verschl\u00fcsselte Verbindungen an dem Pr\u00e4fix &#8222;https:\/\/&#8220; in der Adresszeile Ihres Browsers.<\/p>\n\n\n\n<p>Beim Besuch unserer Webseite setzen wir Cookies ein. N\u00e4here Informationen dazu finden Sie unter Punkt 4. dieser Datenschutz-Hinweise.<\/p>\n\n\n\n<h2 class=\"wp-block-heading\">Cookies<\/h2>\n\n\n\n<p>Diese Website verwendet Cookies zur Ber\u00fccksichtigung der Sprachpr\u00e4ferenz der Besucher, zum Consent-Management sowie f\u00fcr Marketingaktivit\u00e4ten. <\/p>\n\n\n\n<p>Sollte die Vereinbarung eines Termins \u00fcber den externen Anbieter bookingtime GmbH erfolgen, werden Sie darauf aufmerksam gemacht. F\u00fcr die Erhebung der Daten gelten in diesem Fall die Datenschutzbestimmungen der bookingtime GmbH, die Sie bei der Terminbuchung einsehen k\u00f6nnen.<\/p>\n\n\n\n<h2 class=\"wp-block-heading\">Marketing-Aktivit\u00e4ten<\/h2>\n\n\n\n<p>Zur Erfolgsmessung von geschalteten Anzeigen verwendet diese Seite die Services <strong><a href=\"https:\/\/marketingplatform.google.com\/about\/tag-manager\/\" target=\"_blank\" rel=\"noreferrer noopener nofollow\">Google Tag Manager<\/a><\/strong> sowie <strong><a href=\"https:\/\/www.facebook.com\/business\/tools\/meta-pixel\/\" data-type=\"link\" data-id=\"https:\/\/www.facebook.com\/business\/tools\/meta-pixel\/\" target=\"_blank\" rel=\"noreferrer noopener nofollow\">Meta Pixel<\/a><\/strong>.<\/p>\n\n\n\n<p>Die Zustimmung wird vor einer Einbindung der jeweiligen Skripte durch ein vorgeschaltetes Cookie-Banner eingeholt.<\/p>\n\n\n\n<h2 class=\"wp-block-heading\">Daten bei Terminvereinbarungen<\/h2>\n\n\n\n<p>Wenn Sie diese Website verwenden, um einen Termin mit uns zu Vereinbaren, werden daf\u00fcr bestimmte Daten von Ihnen erfasst, die wir f\u00fcr eine reibungslose Terminkoordination ben\u00f6tigen. Dies umfasst die folgenden Daten<\/p>\n\n\n\n<ul class=\"wp-block-list\">\n<li>Ihr Terminwunsch<\/li>\n\n\n\n<li>Ihr Name<\/li>\n\n\n\n<li>Ihre E-Mail-Adresse<\/li>\n\n\n\n<li>Ihre Telefonnummer<\/li>\n\n\n\n<li>Ihre Bemerkungen (optional)<\/li>\n<\/ul>\n\n\n\n<p>Durch die Nutzung der Terminverwaltung auf dieser Webseite erkl\u00e4ren Sie sich mit der Erfassung, Speicherung sowie der Nutzung der so erhobenen Daten durch uns einverstanden. 14 Tage nach Beendigung des Termins werden die so erfassten Daten automatisch aus dem System gel\u00f6scht.<\/p>\n\n\n\n<h2 class=\"wp-block-heading\">Rechte des Nutzers: Auskunft, Breichtigung und L\u00f6schung<\/h2>\n\n\n\n<p>Sie als Nutzer erhalten auf Antrag Ihrerseits kostenlose Auskunft dar\u00fcber, welche personenbezogenen Daten \u00fcber Sie gespeichert wurden. Sofern Ihr Wunsch nicht mit einer gesetzlichen Pflicht zur Aufbewahrung von Daten kollidiert, haben Sie ein Anrecht auf Berichtigung falscher Daten und auf die Sperrung oder L\u00f6schung Ihrer personenbezogenen Daten.<\/p>\n\n\n\n<h2 class=\"wp-block-heading\">Verantwortlicher im Sinne des Datenschutzrechtes ist<\/h2>\n\n\n\n<p>Timo Konietzny<\/p>\n\n\n\n<p>Tupsheide 9<br>47877 Willich<\/p>\n\n\n\n<p>Telefon: 02154 6522<br>E-Mail:&nbsp;<a href=\"mailto:vertretung.kosh@allianz.de\">vertretung.kosh@allianz.de<\/a><\/p>\n\n\n\n<p><\/p>\n<\/div><\/div><\/div><\/div><\/div>\n","protected":false},"excerpt":{"rendered":"","protected":false},"author":1,"featured_media":0,"parent":0,"menu_order":10,"comment_status":"closed","ping_status":"closed","template":"","meta":{"footnotes":""},"class_list":["post-3","page","type-page","status-publish","hentry"],"_links":{"self":[{"href":"https:\/\/kosh-group.com\/geldanlage\/wp-json\/wp\/v2\/pages\/3","targetHints":{"allow":["GET"]}}],"collection":[{"href":"https:\/\/kosh-group.com\/geldanlage\/wp-json\/wp\/v2\/pages"}],"about":[{"href":"https:\/\/kosh-group.com\/geldanlage\/wp-json\/wp\/v2\/types\/page"}],"author":[{"embeddable":true,"href":"https:\/\/kosh-group.com\/geldanlage\/wp-json\/wp\/v2\/users\/1"}],"replies":[{"embeddable":true,"href":"https:\/\/kosh-group.com\/geldanlage\/wp-json\/wp\/v2\/comments?post=3"}],"version-history":[{"count":10,"href":"https:\/\/kosh-group.com\/geldanlage\/wp-json\/wp\/v2\/pages\/3\/revisions"}],"predecessor-version":[{"id":391,"href":"https:\/\/kosh-group.com\/geldanlage\/wp-json\/wp\/v2\/pages\/3\/revisions\/391"}],"wp:attachment":[{"href":"https:\/\/kosh-group.com\/geldanlage\/wp-json\/wp\/v2\/media?parent=3"}],"curies":[{"name":"wp","href":"https:\/\/api.w.org\/{rel}","templated":true}]}}