{"id":37,"date":"2025-01-07T13:02:23","date_gmt":"2025-01-07T12:02:23","guid":{"rendered":"https:\/\/kosh-group.com\/?page_id=37"},"modified":"2026-01-17T11:22:56","modified_gmt":"2026-01-17T10:22:56","slug":"impressum","status":"publish","type":"page","link":"https:\/\/kosh-group.com\/geldanlage\/impressum\/","title":{"rendered":"Impressum"},"content":{"rendered":"\n<div class=\"wp-block-cover is-light\"><span aria-hidden=\"true\" class=\"wp-block-cover__background has-background-dim-0 has-background-dim\"><\/span><div class=\"wp-block-cover__inner-container is-layout-constrained wp-container-core-cover-is-layout-ec89c2e2 wp-block-cover-is-layout-constrained\">\n<p class=\"has-text-align-center has-large-font-size\"><\/p>\n<\/div><\/div>\n\n\n\n<div class=\"wp-block-getwid-section\"><div class=\"wp-block-getwid-section__wrapper\"><div class=\"wp-block-getwid-section__inner-wrapper\"><div class=\"wp-block-getwid-section__background-holder\"><div class=\"wp-block-getwid-section__background\"><\/div><div class=\"wp-block-getwid-section__foreground\"><\/div><\/div><div class=\"wp-block-getwid-section__content\"><div class=\"wp-block-getwid-section__inner-content\">\n<p>Allianz Vertretung<\/p>\n\n\n\n<h2 class=\"wp-block-heading\">KOSH oHG<\/h2>\n\n\n\n<p>K\u00f6nigsallee 27<br>40212 D\u00fcsseldorf<\/p>\n\n\n\n<p>Telefon: 0211 86 94 99 10<br>E-Mail:&nbsp;<a href=\"mailto:vertretung.kosh@allianz.de\">vertretung.kosh@allianz.de<\/a><\/p>\n\n\n\n<p>Eingetragener Agenturname im Handelsregister:<\/p>\n\n\n\n<p><strong>KOSH oHG<\/strong><br>Handelsregisternummer: HRA28113<\/p>\n\n\n\n<p>Handelsregister: Amtsgericht D\u00fcsseldorf<br>Sitz: K\u00f6nigsallee 27, 40212 D\u00fcsseldorf<\/p>\n\n\n\n<p>Vertreten durch: Kay Konietzny, Timo Konietzny, Michael Ottens, Sascha Schl\u00fctken<\/p>\n\n\n\n<p><strong>Kay Konietzny,&nbsp;<\/strong>Beratung zu Versicherungen und deren Vermittlung als gebundener Vertreter (\u00a7 34d Abs. 7 S. 1 Nr. 1 GewO) ausschlie\u00dflich an die sowie f\u00fcr Rechnung und im Namen der Versicherungsunternehmen der Allianz. Verg\u00fctung durch Provisionen und Zusatzverg\u00fctungen aus Ausschreibungen (jeweils in der Versicherungspr\u00e4mie enthalten).<\/p>\n\n\n\n<p><strong>Michael Ottens,&nbsp;<\/strong>Beratung zu Versicherungen und deren Vermittlung als gebundener Vertreter (\u00a7 34d Abs. 7 S. 1 Nr. 1 GewO) ausschlie\u00dflich an die sowie f\u00fcr Rechnung und im Namen der Versicherungsunternehmen der Allianz. Verg\u00fctung durch Provisionen und Zusatzverg\u00fctungen aus Ausschreibungen (jeweils in der Versicherungspr\u00e4mie enthalten).<\/p>\n\n\n\n<p><strong>Sascha Schl\u00fctken,&nbsp;<\/strong>Beratung zu Versicherungen und deren Vermittlung als gebundener Vertreter (\u00a7 34d Abs. 7 S. 1 Nr. 1 GewO) ausschlie\u00dflich an die sowie f\u00fcr Rechnung und im Namen der Versicherungsunternehmen der Allianz. Verg\u00fctung durch Provisionen und Zusatzverg\u00fctungen aus Ausschreibungen (jeweils in der Versicherungspr\u00e4mie enthalten).<\/p>\n\n\n\n<p><strong>Timo Konietzny,&nbsp;<\/strong>Beratung zu Versicherungen und deren Vermittlung als gebundener Vertreter (\u00a7 34d Abs. 7 S. 1 Nr. 1 GewO) ausschlie\u00dflich an die sowie f\u00fcr Rechnung und im Namen der Versicherungsunternehmen der Allianz. Verg\u00fctung durch Provisionen und Zusatzverg\u00fctungen aus Ausschreibungen (jeweils in der Versicherungspr\u00e4mie enthalten).<\/p>\n\n\n\n<h2 class=\"wp-block-heading\">Gewerbeerlaubnis nach \u00a7 34i Abs. 1 GewO:<\/h2>\n\n\n\n<p>Registrierungsnummer:<\/p>\n\n\n\n<p>Kay Konietzny, D-W-137-I5L1-81<br>Zust\u00e4ndige Aufsichtsbeh\u00f6rde: IHK Mittlerer Niederrhein, Nordwall 39, 47798 Krefeld, www.ihk-krefeld.de<\/p>\n\n\n\n<h2 class=\"wp-block-heading\">Gewerbeerlaubnis zur Vermittlung von Darlehen nach \u00a7 34c Abs. 1 GewO<\/h2>\n\n\n\n<p>Kay Konietzny<br>Zust\u00e4ndige Aufsichtsbeh\u00f6rde: IHK D\u00fcsseldorf<\/p>\n\n\n\n<p>Michael Ottens<br>Zust\u00e4ndige Aufsichtsbeh\u00f6rde: IHK D\u00fcsseldorf<\/p>\n\n\n\n<p>Sascha Schl\u00fctken<br>Zust\u00e4ndige Aufsichtsbeh\u00f6rde: IHK D\u00fcsseldorf<\/p>\n\n\n\n<p>Timo Konietzny<br>Zust\u00e4ndige Aufsichtsbeh\u00f6rde: IHK D\u00fcsseldorf<\/p>\n\n\n\n<p>Vermittlung von Investmentverm\u00f6gen, Verm\u00f6gensverwaltungsprodukten und sonstigen Finanzinstrumenten als vertraglich gebundener Vermittler (\u00a7 2 Abs. 10 KWG) ausschlie\u00dflich f\u00fcr Rechnung und unter der Haftung der Deutsche Haftungsdach (DHD) GmbH.<\/p>\n\n\n\n<h2 class=\"wp-block-heading\">Zust\u00e4ndige Berufskammer:<\/h2>\n\n\n\n<p><strong>Industrie- und Handelskammer zu D\u00fcsseldorf<\/strong><br>Ernst-Schneider-Platz 1<br>40212 D\u00fcsseldorf<\/p>\n\n\n\n<p>Telefon: 0211\/3557-0<br>Telefax: 0211\/3557-400<br><a href=\"https:\/\/www.ihk.de\/duesseldorf\/\">https:\/\/www.ihk.de\/duesseldorf\/<\/a><\/p>\n\n\n\n<h2 class=\"wp-block-heading\">Berufsbezeichnung:<\/h2>\n\n\n\n<p>Kay Konietzny, Gebundener Versicherungsvertreter gem\u00e4\u00df \u00a7 34d Abs. 7 S.1 Nr.1 GewO; Bundesrepublik Deutschland<br>Michael Ottens, Gebundener Versicherungsvertreter gem\u00e4\u00df \u00a7 34d Abs. 7 S.1 Nr.1 GewO; Bundesrepublik Deutschland<br>Sascha Schl\u00fctken, Gebundener Versicherungsvertreter gem\u00e4\u00df \u00a7 34d Abs. 7 S.1 Nr.1 GewO; Bundesrepublik Deutschland<br>Timo Konietzny, Gebundener Versicherungsvertreter gem\u00e4\u00df \u00a7 34d Abs. 7 S.1 Nr.1 GewO; Bundesrepublik Deutschland<\/p>\n\n\n\n<p>Kay Konietzny, Darlehensvermittler gem\u00e4\u00df \u00a7 34c Abs. 1 GewO; Bundesrepublik Deutschland<br>Michael Ottens, Darlehensvermittler gem\u00e4\u00df \u00a7 34c Abs. 1 GewO; Bundesrepublik Deutschland<br>Sascha Schl\u00fctken, Darlehensvermittler gem\u00e4\u00df \u00a7 34c Abs. 1 GewO; Bundesrepublik Deutschland<br>Timo Konietzny, Darlehensvermittler gem\u00e4\u00df \u00a7 34c Abs. 1 GewO; Bundesrepublik Deutschland<\/p>\n\n\n\n<p>Kay Konietzny, Immobiliardarlehensvermittler gem\u00e4\u00df \u00a7 34i Absatz 1 GewO; Bundesrepublik Deutschland<\/p>\n\n\n\n<h2 class=\"wp-block-heading\">Versicherungsvermittlerregister:<\/h2>\n\n\n\n<p>DIHK, Breite Stra\u00dfe 29, 10178 Berlin, Tel. 0180 600 58 50 (0,20 \u20ac\/Anruf).<br>Internet:&nbsp;<a rel=\"noreferrer noopener\" href=\"https:\/\/www.vermittlerregister.info\/\" target=\"_blank\">www.vermittlerregister.info<\/a><\/p>\n\n\n\n<p>Registernummer:<br>D-67PA-1XAC9-66: Kay Konietzny<br>D-04K2-1W5I5-20: Michael Ottens<br>D-611C-0Z6PN-40: Sascha Schl\u00fctken<br>D-4M10-RHNW0-65: Timo Konietzny<\/p>\n\n\n\n<p>Die Agentur nimmt verpflichtend an folgenden au\u00dfergerichtlichen Schlichtungsstellen als Streitbeilegungsstellen i.S.d. Verbraucherstreitbeilegungsgesetzes teil:<\/p>\n\n\n\n<h2 class=\"wp-block-heading\">Schlichtungsstellen:<\/h2>\n\n\n\n<p>Versicherungsombudsmann e.V., Postfach 080632, 10006 Berlin, E-Mail:&nbsp;<a href=\"mailto:beschwerde@versicherungsombudsmann.de\">beschwerde@versicherungsombudsmann.de<\/a>. Ombudsmann Private Kranken- und Pflegeversicherung, Postfach 060222, 10052 Berlin, E-Mail:&nbsp;<a href=\"mailto:ombudsmann@pkv.de\">ombudsmann@pkv.de<\/a>. Ombudsmann Bundesverband deutscher Banken, Postfach 040307, 10062 Berlin, E-Mail:&nbsp;<a href=\"mailto:bankenverband@bdb.de\">bankenverband@bdb.de<\/a>.<\/p>\n\n\n\n<p>Alternativ k\u00f6nnen Sie Ihre Beschwerde auch online \u00fcber die Streitbeilegungsplattform der Europ\u00e4ischen Union (<a href=\"https:\/\/ec.europa.eu\/consumers\/odr\/\" target=\"_blank\" rel=\"noreferrer noopener\">&nbsp;https:\/\/ec.europa.eu\/consumers\/odr\/<\/a>) einlegen.<\/p>\n\n\n\n<h2 class=\"wp-block-heading\">Berufsrechtliche Regelungen:<\/h2>\n\n\n\n<ul class=\"wp-block-list\">\n<li>V\u00a7 34d Gewerbeordnung (GewO)<\/li>\n\n\n\n<li>\u00a7\u00a7 59\u201368 Gesetz \u00fcber den Versicherungsvertrag (VVG)<\/li>\n\n\n\n<li>Verordnung \u00fcber die Versicherungsvermittlung und -beratung (VersVermV)<\/li>\n\n\n\n<li>\u00a7 34c Gewerbeordnung (GewO)<\/li>\n\n\n\n<li>\u00a7 34i Gewerbeordnung (GewO)<\/li>\n\n\n\n<li>Verordnung \u00fcber Immobiliardarlehensvermittlung (ImmVermV)<\/li>\n\n\n\n<li>\u00a7\u00a7 655a\u2013655e B\u00fcrgerliches Gesetzbuch (BGB)<\/li>\n\n\n\n<li>Art. 229 \u00a7 38 und Art. 247 \u00a7\u00a7 13, 13b Einf\u00fchrungsgesetz zum B\u00fcrgerlichen Gesetzbuch (EGBGB)<\/li>\n<\/ul>\n\n\n\n<p>Die berufsrechtlichen Regelungen k\u00f6nnen \u00fcber die vom Bundesministerium der Justiz und f\u00fcr Verbraucherschutz und der von der juris GmbH betriebenen Homepage&nbsp;<a rel=\"noreferrer noopener\" href=\"https:\/\/www.gesetze-im-internet.de\/\" target=\"_blank\">www.gesetze-im-internet.de<\/a>&nbsp;eingesehen und abgerufen werden.<\/p>\n\n\n\n<p>Verantwortlicher im Sinne des \u00a7 18 Abs. 2 MStV: Timo Konietzny, K\u00f6nigsallee 27, 40212 D\u00fcsseldorf<\/p>\n\n\n\n<p>Dieses Impressum bezieht sich auf s\u00e4mtliche Telemediendienste der Agentur.<\/p>\n\n\n\n<div style=\"height:100px\" aria-hidden=\"true\" class=\"wp-block-spacer\"><\/div>\n\n\n\n<p><\/p>\n<\/div><\/div><\/div><\/div><\/div>\n","protected":false},"excerpt":{"rendered":"","protected":false},"author":1,"featured_media":0,"parent":0,"menu_order":20,"comment_status":"closed","ping_status":"closed","template":"","meta":{"footnotes":""},"class_list":["post-37","page","type-page","status-publish","hentry"],"_links":{"self":[{"href":"https:\/\/kosh-group.com\/geldanlage\/wp-json\/wp\/v2\/pages\/37","targetHints":{"allow":["GET"]}}],"collection":[{"href":"https:\/\/kosh-group.com\/geldanlage\/wp-json\/wp\/v2\/pages"}],"about":[{"href":"https:\/\/kosh-group.com\/geldanlage\/wp-json\/wp\/v2\/types\/page"}],"author":[{"embeddable":true,"href":"https:\/\/kosh-group.com\/geldanlage\/wp-json\/wp\/v2\/users\/1"}],"replies":[{"embeddable":true,"href":"https:\/\/kosh-group.com\/geldanlage\/wp-json\/wp\/v2\/comments?post=37"}],"version-history":[{"count":8,"href":"https:\/\/kosh-group.com\/geldanlage\/wp-json\/wp\/v2\/pages\/37\/revisions"}],"predecessor-version":[{"id":395,"href":"https:\/\/kosh-group.com\/geldanlage\/wp-json\/wp\/v2\/pages\/37\/revisions\/395"}],"wp:attachment":[{"href":"https:\/\/kosh-group.com\/geldanlage\/wp-json\/wp\/v2\/media?parent=37"}],"curies":[{"name":"wp","href":"https:\/\/api.w.org\/{rel}","templated":true}]}}